{"id":3,"date":"2023-12-01T07:31:06","date_gmt":"2023-12-01T06:31:06","guid":{"rendered":"https:\/\/mobleofi.com\/?page_id=3"},"modified":"2026-01-26T10:22:56","modified_gmt":"2026-01-26T16:22:56","slug":"politica-privacidad","status":"publish","type":"page","link":"https:\/\/mobleofi.com\/index.php\/politica-privacidad\/","title":{"rendered":"Pol\u00edtica de privacidad."},"content":{"rendered":"\n<h2 class=\"wp-block-heading\">Qui\u00e9nes somos<\/h2>\n\n\n\n<p><strong class=\"privacy-policy-tutorial\">P\u00e1gina web: <\/strong>La direcci\u00f3n de nuestra web es: https:\/\/mobleofi.com<\/p>\n\n\n\n<h2 class=\"wp-block-heading\">Comentarios<\/h2>\n\n\n\n<p>\u00daltima actualizaci\u00f3n: 07 de enero de 2026<\/p>\n\n\n\n<p>El titular de la marca comercial MOBLEOFI, con domicilio comercial en Tlalpan, Ciudad de M\u00e9xico, es el responsable del tratamiento de sus datos personales.<\/p>\n\n\n\n<p>Finalidades del tratamiento: Los datos personales que recabamos (Nombre, Tel\u00e9fono, Direcci\u00f3n de env\u00edo, RFC y datos de facturaci\u00f3n) ser\u00e1n utilizados para las siguientes finalidades primarias:<\/p>\n\n\n\n<p>\u2022&nbsp;&nbsp;&nbsp;&nbsp;&nbsp;&nbsp;&nbsp; Procesar su pedido y fabricaci\u00f3n de mobiliario de oficina.<\/p>\n\n\n\n<p>\u2022&nbsp;&nbsp;&nbsp;&nbsp;&nbsp;&nbsp;&nbsp; Coordinar la log\u00edstica de entrega a trav\u00e9s de l\u00edneas transportistas o flotilla propia.<\/p>\n\n\n\n<p>\u2022&nbsp;&nbsp;&nbsp;&nbsp;&nbsp;&nbsp;&nbsp; Emitir los comprobantes fiscales digitales (CFDI).<\/p>\n\n\n\n<p>\u2022&nbsp;&nbsp;&nbsp;&nbsp;&nbsp;&nbsp;&nbsp; Atender reportes de da\u00f1os o reclamaciones de garant\u00eda.<\/p>\n\n\n\n<p>Finalidades secundarias (encontrar nuevos clientes): Utilizaremos esta informaci\u00f3n para fines de prospecci\u00f3n comercial, remarketing y an\u00e1lisis de comportamiento a trav\u00e9s de herramientas como el P\u00edxel de Meta (Facebook) y Google Ads\/Analytics. Si no desea que sus datos se usen para estos fines, puede enviar un correo a: ventas@mobleofi.com.<\/p>\n\n\n\n<p>Transferencia de datos: Sus datos de contacto y domicilio ser\u00e1n compartidos con empresas de transporte (Castores, Tres Guerras, Paquetexpress y\/o Fedex) exclusivamente para concretar la entrega de sus productos.<\/p>\n","protected":false},"excerpt":{"rendered":"<p>Qui\u00e9nes somos P\u00e1gina web: La direcci\u00f3n de nuestra web es: https:\/\/mobleofi.com Comentarios \u00daltima actualizaci\u00f3n: 07 de enero de 2026 El titular de la marca comercial MOBLEOFI, con domicilio comercial en Tlalpan, Ciudad de M\u00e9xico, es el responsable del tratamiento de sus datos personales. Finalidades del tratamiento: Los datos personales que recabamos (Nombre, Tel\u00e9fono, Direcci\u00f3n de [&hellip;]<\/p>\n","protected":false},"author":1,"featured_media":0,"parent":0,"menu_order":0,"comment_status":"closed","ping_status":"open","template":"","meta":{"footnotes":""},"class_list":["post-3","page","type-page","status-publish","hentry"],"blocksy_meta":[],"_links":{"self":[{"href":"https:\/\/mobleofi.com\/index.php\/wp-json\/wp\/v2\/pages\/3","targetHints":{"allow":["GET"]}}],"collection":[{"href":"https:\/\/mobleofi.com\/index.php\/wp-json\/wp\/v2\/pages"}],"about":[{"href":"https:\/\/mobleofi.com\/index.php\/wp-json\/wp\/v2\/types\/page"}],"author":[{"embeddable":true,"href":"https:\/\/mobleofi.com\/index.php\/wp-json\/wp\/v2\/users\/1"}],"replies":[{"embeddable":true,"href":"https:\/\/mobleofi.com\/index.php\/wp-json\/wp\/v2\/comments?post=3"}],"version-history":[{"count":3,"href":"https:\/\/mobleofi.com\/index.php\/wp-json\/wp\/v2\/pages\/3\/revisions"}],"predecessor-version":[{"id":1314,"href":"https:\/\/mobleofi.com\/index.php\/wp-json\/wp\/v2\/pages\/3\/revisions\/1314"}],"wp:attachment":[{"href":"https:\/\/mobleofi.com\/index.php\/wp-json\/wp\/v2\/media?parent=3"}],"curies":[{"name":"wp","href":"https:\/\/api.w.org\/{rel}","templated":true}]}}