{"id":1084,"date":"2024-04-18T00:01:16","date_gmt":"2024-04-18T06:01:16","guid":{"rendered":"https:\/\/mobleofi.com\/?post_type=product&#038;p=1084"},"modified":"2025-12-28T21:10:49","modified_gmt":"2025-12-29T03:10:49","slug":"id-l024-d-10-escritorio-ejecutivo-moderno-minimalista-con-cajones-y-librero-multifuncional-copia","status":"publish","type":"product","link":"https:\/\/mobleofi.com\/index.php\/producto\/id-l024-d-10-escritorio-ejecutivo-moderno-minimalista-con-cajones-y-librero-multifuncional-copia\/","title":{"rendered":"Escritorio en L Profesional Modelo | Ideal para Oficinas Corporativas ID: L024-D-10"},"content":{"rendered":"<p>Transforma tu espacio de trabajo con elegancia y funcionalidad.<\/p>\n<p>&nbsp;<\/p>\n<p>En MOBLEOFI, entendemos la importancia de un entorno de oficina bien dise\u00f1ado para potenciar la productividad y el bienestar de tu equipo. Es por eso que te presentamos nuestra exclusiva colecci\u00f3n de muebles para oficinas, una fusi\u00f3n perfecta entre estilo contempor\u00e1neo y funcionalidad excepcional.<\/p>\n<p>&nbsp;<\/p>\n<p><strong>Dise\u00f1o Vanguardista<\/strong>: Nuestro mobiliario para oficinas no solo son piezas utilitarias, sino obras maestras de dise\u00f1o que elevar\u00e1n la est\u00e9tica de tu oficina. Desde l\u00edneas limpias hasta detalles meticulosos, cada pieza ha sido creada para reflejar la modernidad y la elegancia.<\/p>\n<p>&nbsp;<\/p>\n<p><strong>Durabilidad y Calidad<\/strong>: En MOBLEOFI, nos enorgullece ofrecer muebles de oficina que resisten el paso del tiempo. Utilizamos materiales de primera calidad para asegurar la durabilidad y la resistencia, proporcion\u00e1ndote no solo muebles, sino inversiones a largo plazo.<\/p>\n<p>&nbsp;<\/p>\n<p><strong>Personalizaci\u00f3n Total<\/strong>: Reconocemos que cada espacio de oficina es \u00fanico. Por eso, aunque ya contamos con un extenso cat\u00e1logo de muebles de oficina est\u00e1ndar, muchos de nuestros productos son totalmente personalizables. Desde la selecci\u00f3n de telas, m\u00e1rmoles, maderas, acero, melaminas y colores hasta la adaptaci\u00f3n de dimensiones, te ofrecemos la libertad de crear un ambiente que se adapte perfectamente a tus necesidades y gustos.<\/p>\n<p>Material: MDF con melamina de alta resistencia, por lo que ya no requiere mantenimiento peri\u00f3dico, no generan termitas, es resistente a hongos y par\u00e1sitos, resistente a la decoloraci\u00f3n con el paso del tiempo y sobre todo tiene acabados uniformes y elegantes, lo cual genera un ambiente de limpieza, orden y uniformidad en su oficina. Se limpian muy f\u00e1cilmente con un trapo seco o h\u00famedo.<\/p>\n<p>La cubierta principal es compatible con el lector del Mouse inal\u00e1mbrico, por lo que ya no ser\u00e1 necesario comprar la almohadilla o tapete. Puede colocar su caf\u00e9, vaso con agua, flores o diferentes adornos. Adem\u00e1s todos nuestros muebles cuentan con garant\u00eda.<\/p>\n<p>Transforma tu oficina en un espacio que refleje tu visi\u00f3n y fomente la eficiencia. Descubre la diferencia con MOBLEOFI y experimenta un nuevo est\u00e1ndar en mobiliario para oficinas.<\/p>\n","protected":false},"excerpt":{"rendered":"<p>Modelo: L024-D-10<\/p>\n<p>Medidas:\u00a0 1.70 x 1.40 Mts, Altura: 74.5 Cmts.<\/p>\n<p>Soporte: \u00a0270 Kgms.<\/p>\n","protected":false},"featured_media":1176,"template":"","meta":[],"product_brand":[],"product_cat":[33,31,44,39,41,35,40],"product_tag":[],"class_list":{"0":"post-1084","1":"product","2":"type-product","3":"status-publish","4":"has-post-thumbnail","6":"product_cat-ejecutivos","7":"product_cat-escritorios","8":"product_cat-gamer","9":"product_cat-home-office","10":"product_cat-minimalistas","11":"product_cat-modernos","12":"product_cat-para-casa","14":"first","15":"instock","16":"taxable","17":"shipping-taxable","18":"purchasable","19":"product-type-simple"},"_links":{"self":[{"href":"https:\/\/mobleofi.com\/index.php\/wp-json\/wp\/v2\/product\/1084","targetHints":{"allow":["GET"]}}],"collection":[{"href":"https:\/\/mobleofi.com\/index.php\/wp-json\/wp\/v2\/product"}],"about":[{"href":"https:\/\/mobleofi.com\/index.php\/wp-json\/wp\/v2\/types\/product"}],"wp:featuredmedia":[{"embeddable":true,"href":"https:\/\/mobleofi.com\/index.php\/wp-json\/wp\/v2\/media\/1176"}],"wp:attachment":[{"href":"https:\/\/mobleofi.com\/index.php\/wp-json\/wp\/v2\/media?parent=1084"}],"wp:term":[{"taxonomy":"product_brand","embeddable":true,"href":"https:\/\/mobleofi.com\/index.php\/wp-json\/wp\/v2\/product_brand?post=1084"},{"taxonomy":"product_cat","embeddable":true,"href":"https:\/\/mobleofi.com\/index.php\/wp-json\/wp\/v2\/product_cat?post=1084"},{"taxonomy":"product_tag","embeddable":true,"href":"https:\/\/mobleofi.com\/index.php\/wp-json\/wp\/v2\/product_tag?post=1084"}],"curies":[{"name":"wp","href":"https:\/\/api.w.org\/{rel}","templated":true}]}}