{"id":1141,"date":"2024-09-15T14:10:40","date_gmt":"2024-09-15T20:10:40","guid":{"rendered":"https:\/\/mobleofi.com\/?post_type=product&#038;p=1141"},"modified":"2025-12-28T20:55:47","modified_gmt":"2025-12-29T02:55:47","slug":"id-c004-a-escritorio-ejecutivo-con-librero-amplio-1-cajon-papelero-y-1-cajon-archivero","status":"publish","type":"product","link":"https:\/\/mobleofi.com\/index.php\/producto\/id-c004-a-escritorio-ejecutivo-con-librero-amplio-1-cajon-papelero-y-1-cajon-archivero\/","title":{"rendered":"Escritorio Ejecutivo con librero amplio, con caj\u00f3n papelero y archivero, ID: C004-A"},"content":{"rendered":"<p>Dise\u00f1o de escritorio pensado para espacios medianos, pero por su estructura en forma de U podr\u00e1 colocar hasta 4 computadoras. El librero de atr\u00e1s est\u00e1 pensado en archivar carpetas tama\u00f1o carta y oficio, aunque muchos lo usan para colocar juguetes, fotos de sus productos, premios o cosas pesadas ya que este librero soporta mucho mas que los otros dise\u00f1os de gama media.<\/p>\n<p>&nbsp;<\/p>\n<p>Material: MDF con melamina de alta resistencia, por lo que ya no requiere mantenimiento peri\u00f3dico, no generan termitas, es resistente a hongos y par\u00e1sitos, resistente a la decoloraci\u00f3n con el paso del tiempo y sobre todo tiene acabados uniformes y elegantes, lo cual genera un ambiente de limpieza, orden y uniformidad en su oficina. Se limpian muy f\u00e1cilmente con un trapo seco o h\u00famedo.<\/p>\n<p>La cubierta principal es compatible con el lector del Mouse inal\u00e1mbrico, por lo que ya no ser\u00e1 necesario comprar la almohadilla o tapete. Puede colocar su caf\u00e9, vaso con agua, flores o diferentes adornos. Adem\u00e1s todos nuestros muebles cuentan con garant\u00eda.<\/p>\n<p>&nbsp;<\/p>\n","protected":false},"excerpt":{"rendered":"<p>Modelo: C004-A<\/p>\n<p>Medidas:\u00a0 1.40 x 2.20 x 1.40 Mts, Altura: 74.5 Cmts.<\/p>\n<p>Soporte: \u00a0270 Kgms.<\/p>\n","protected":false},"featured_media":1166,"template":"","meta":[],"product_brand":[],"product_cat":[15],"product_tag":[],"class_list":{"0":"post-1141","1":"product","2":"type-product","3":"status-publish","4":"has-post-thumbnail","6":"product_cat-sin-categorizar","8":"first","9":"instock","10":"taxable","11":"shipping-taxable","12":"purchasable","13":"product-type-simple"},"_links":{"self":[{"href":"https:\/\/mobleofi.com\/index.php\/wp-json\/wp\/v2\/product\/1141","targetHints":{"allow":["GET"]}}],"collection":[{"href":"https:\/\/mobleofi.com\/index.php\/wp-json\/wp\/v2\/product"}],"about":[{"href":"https:\/\/mobleofi.com\/index.php\/wp-json\/wp\/v2\/types\/product"}],"wp:featuredmedia":[{"embeddable":true,"href":"https:\/\/mobleofi.com\/index.php\/wp-json\/wp\/v2\/media\/1166"}],"wp:attachment":[{"href":"https:\/\/mobleofi.com\/index.php\/wp-json\/wp\/v2\/media?parent=1141"}],"wp:term":[{"taxonomy":"product_brand","embeddable":true,"href":"https:\/\/mobleofi.com\/index.php\/wp-json\/wp\/v2\/product_brand?post=1141"},{"taxonomy":"product_cat","embeddable":true,"href":"https:\/\/mobleofi.com\/index.php\/wp-json\/wp\/v2\/product_cat?post=1141"},{"taxonomy":"product_tag","embeddable":true,"href":"https:\/\/mobleofi.com\/index.php\/wp-json\/wp\/v2\/product_tag?post=1141"}],"curies":[{"name":"wp","href":"https:\/\/api.w.org\/{rel}","templated":true}]}}