{"id":902,"date":"2023-12-18T14:58:27","date_gmt":"2023-12-18T20:58:27","guid":{"rendered":"https:\/\/mobleofi.com\/?post_type=product&#038;p=902"},"modified":"2025-12-28T19:41:22","modified_gmt":"2025-12-29T01:41:22","slug":"id-c001-escritorio-ejecutivo-con-libreros-en-forma-de-u-para-casa-u-oficina","status":"publish","type":"product","link":"https:\/\/mobleofi.com\/index.php\/producto\/id-c001-escritorio-ejecutivo-con-libreros-en-forma-de-u-para-casa-u-oficina\/","title":{"rendered":"Escritorio econ\u00f3mico en forma de U, con librero y repisa, para casa u oficina."},"content":{"rendered":"<p data-start=\"716\" data-end=\"998\">El <strong data-start=\"719\" data-end=\"755\">Escritorio Ejecutivo Modelo C001<\/strong> es una soluci\u00f3n ideal para oficinas que requieren <strong data-start=\"806\" data-end=\"856\">amplitud, organizaci\u00f3n y presencia profesional a un precio muy econ\u00f3mico.<\/strong> Su dise\u00f1o en U permite una mejor distribuci\u00f3n del espacio de trabajo, facilitando el uso de computadora, documentos y accesorios de oficina.<\/p>\n<p data-start=\"1000\" data-end=\"1325\">Fabricado con materiales resistentes, este escritorio es perfecto para cubrir espacios medianos en la oficina o el hogar<strong data-start=\"1098\" data-end=\"1147\">, \u00fatil para estudiantes o\u00a0 gerencias de empresas peque\u00f1as y espacios corporativos donde se requiere rellenar espacios medianos y con bajo presupuesto,<\/strong>\u00a0que buscan funcionalidad y durabilidad. Al ser <strong data-start=\"1195\" data-end=\"1218\">fabricaci\u00f3n directa<\/strong>, ofrecemos la posibilidad de personalizar colores y accesorios seg\u00fan las necesidades del cliente.<\/p>\n<p>Material: MDF con melamina de alta resistencia, por lo que ya no requiere mantenimiento peri\u00f3dico, no generan termitas, es resistente a hongos y par\u00e1sitos, resistente a la decoloraci\u00f3n con el paso del tiempo y sobre todo tiene acabados uniformes y elegantes, lo cual genera un ambiente de limpieza, orden y uniformidad en su oficina. Se limpian muy f\u00e1cilmente con un trapo seco o h\u00famedo.<\/p>\n<p>La cubierta principal es compatible con el lector del Mouse inal\u00e1mbrico, por lo que ya no ser\u00e1 necesario comprar la almohadilla o tapete. Puede colocar su caf\u00e9, vaso con agua, flores o diferentes adornos. Adem\u00e1s todos nuestros muebles cuentan con garant\u00eda.<\/p>\n","protected":false},"excerpt":{"rendered":"<p>Modelo: C001<\/p>\n<p>Medidas: 1.40 x 2.20 x 1.40 Mts, Altura: 74.5 Cmts.<\/p>\n<p>Soporte:\u00a0 120 Kgms.<\/p>\n<p>Escritorio ejecutivo en forma de U, amplio y funcional.<\/p>\n<p>Ideal para estudio en casa, emprendimiento o la oficina donde buscan cubrir espacios medianos. Fabricaci\u00f3n directa y personalizaci\u00f3n disponible entre 20 colores diferentes y con entrada lado Derecho o Izquierdo.<\/p>\n","protected":false},"featured_media":1159,"template":"","meta":[],"product_brand":[],"product_cat":[34,33,31,39,42,40],"product_tag":[],"class_list":{"0":"post-902","1":"product","2":"type-product","3":"status-publish","4":"has-post-thumbnail","6":"product_cat-economicos","7":"product_cat-ejecutivos","8":"product_cat-escritorios","9":"product_cat-home-office","10":"product_cat-libreros","11":"product_cat-para-casa","13":"first","14":"instock","15":"taxable","16":"shipping-taxable","17":"purchasable","18":"product-type-simple"},"_links":{"self":[{"href":"https:\/\/mobleofi.com\/index.php\/wp-json\/wp\/v2\/product\/902","targetHints":{"allow":["GET"]}}],"collection":[{"href":"https:\/\/mobleofi.com\/index.php\/wp-json\/wp\/v2\/product"}],"about":[{"href":"https:\/\/mobleofi.com\/index.php\/wp-json\/wp\/v2\/types\/product"}],"wp:featuredmedia":[{"embeddable":true,"href":"https:\/\/mobleofi.com\/index.php\/wp-json\/wp\/v2\/media\/1159"}],"wp:attachment":[{"href":"https:\/\/mobleofi.com\/index.php\/wp-json\/wp\/v2\/media?parent=902"}],"wp:term":[{"taxonomy":"product_brand","embeddable":true,"href":"https:\/\/mobleofi.com\/index.php\/wp-json\/wp\/v2\/product_brand?post=902"},{"taxonomy":"product_cat","embeddable":true,"href":"https:\/\/mobleofi.com\/index.php\/wp-json\/wp\/v2\/product_cat?post=902"},{"taxonomy":"product_tag","embeddable":true,"href":"https:\/\/mobleofi.com\/index.php\/wp-json\/wp\/v2\/product_tag?post=902"}],"curies":[{"name":"wp","href":"https:\/\/api.w.org\/{rel}","templated":true}]}}