{"id":919,"date":"2023-12-18T15:48:22","date_gmt":"2023-12-18T21:48:22","guid":{"rendered":"https:\/\/mobleofi.com\/?post_type=product&#038;p=919"},"modified":"2025-12-29T00:29:41","modified_gmt":"2025-12-29T06:29:41","slug":"id-c003-a-escritorio-ejecutivo-en-forma-de-u-con-cajones-y-librero-para-casa-u-oficina","status":"publish","type":"product","link":"https:\/\/mobleofi.com\/index.php\/producto\/id-c003-a-escritorio-ejecutivo-en-forma-de-u-con-cajones-y-librero-para-casa-u-oficina\/","title":{"rendered":"Escritorio ejecutivo, en forma de U, con cajones y librero, para casa u oficina, ID: C003-A"},"content":{"rendered":"<p>Este modelo de escritorio est\u00e1 pensado para espacios cortos o medianos, donde hay que aprovechar el espacio al m\u00e1ximo, cuenta con credenza con 3 puertas donde podr\u00e1 guardar carpetas tama\u00f1o carta. Tambi\u00e9n cuenta con una cajonera tama\u00f1o oficio.<\/p>\n<p data-start=\"3163\" data-end=\"3391\">Est\u00e1 pensado para espacios que requieren <strong data-start=\"3244\" data-end=\"3281\">imagen, comodidad y funcionalidad<\/strong>. Su dise\u00f1o en forma de U ofrece una superficie amplia, ideal para jornadas largas de trabajo y organizaci\u00f3n eficiente.<\/p>\n<p data-start=\"3393\" data-end=\"3623\">Este modelo es perfecto para <strong data-start=\"3422\" data-end=\"3460\">oficinas ejecutivas y corporativos<\/strong>, que van iniciando y requieren muebles econ\u00f3micos,\u00a0 combinando resistencia estructural con un dise\u00f1o profesional. Se puede fabricar en diferentes colores y configuraciones para adaptarse al estilo de cada empresa.<\/p>\n","protected":false},"excerpt":{"rendered":"<p>&nbsp;<\/p>\n<p>Modelo: C003-A<\/p>\n<p>Medidas: 1.40 x 2.20 x 1.40 Mts, Altura: 74.5 Cmts.<\/p>\n<p>Soporte: \u00a0270 Kgms.<\/p>\n","protected":false},"featured_media":1169,"template":"","meta":[],"product_brand":[],"product_cat":[33,31,39,40],"product_tag":[],"class_list":{"0":"post-919","1":"product","2":"type-product","3":"status-publish","4":"has-post-thumbnail","6":"product_cat-ejecutivos","7":"product_cat-escritorios","8":"product_cat-home-office","9":"product_cat-para-casa","11":"first","12":"instock","13":"taxable","14":"shipping-taxable","15":"purchasable","16":"product-type-simple"},"_links":{"self":[{"href":"https:\/\/mobleofi.com\/index.php\/wp-json\/wp\/v2\/product\/919","targetHints":{"allow":["GET"]}}],"collection":[{"href":"https:\/\/mobleofi.com\/index.php\/wp-json\/wp\/v2\/product"}],"about":[{"href":"https:\/\/mobleofi.com\/index.php\/wp-json\/wp\/v2\/types\/product"}],"wp:featuredmedia":[{"embeddable":true,"href":"https:\/\/mobleofi.com\/index.php\/wp-json\/wp\/v2\/media\/1169"}],"wp:attachment":[{"href":"https:\/\/mobleofi.com\/index.php\/wp-json\/wp\/v2\/media?parent=919"}],"wp:term":[{"taxonomy":"product_brand","embeddable":true,"href":"https:\/\/mobleofi.com\/index.php\/wp-json\/wp\/v2\/product_brand?post=919"},{"taxonomy":"product_cat","embeddable":true,"href":"https:\/\/mobleofi.com\/index.php\/wp-json\/wp\/v2\/product_cat?post=919"},{"taxonomy":"product_tag","embeddable":true,"href":"https:\/\/mobleofi.com\/index.php\/wp-json\/wp\/v2\/product_tag?post=919"}],"curies":[{"name":"wp","href":"https:\/\/api.w.org\/{rel}","templated":true}]}}