{"id":921,"date":"2023-12-18T15:52:49","date_gmt":"2023-12-18T21:52:49","guid":{"rendered":"https:\/\/mobleofi.com\/?post_type=product&#038;p=921"},"modified":"2025-12-28T20:49:56","modified_gmt":"2025-12-29T02:49:56","slug":"id-l001-a-escritorio-ejecutivo-en-escuadra-con-cajones-y-librero-recepcion-escolar-y-oficina","status":"publish","type":"product","link":"https:\/\/mobleofi.com\/index.php\/producto\/id-l001-a-escritorio-ejecutivo-en-escuadra-con-cajones-y-librero-recepcion-escolar-y-oficina\/","title":{"rendered":"Escritorio ejecutivo en escuadra con cajones y librero, recepci\u00f3n escolar y oficina."},"content":{"rendered":"<p>Este escritorio recepci\u00f3n esta pensado en dar una triple funci\u00f3n (escritorio, archivero y recepci\u00f3n) ya que normalmente las recepciones tiene un costo algo elevado y no son muy funcionales y tiene que gastar en 3 muebles al mismo tiempo.<\/p>\n<p>Aunque ya tiene medidas est\u00e1ndard Usted podr\u00e1 pedirlo personalizado, es decir puede pedirlo en cualquiera de los m\u00e1s de 20 colores que manejamos y puede ser con el librero del lado derecho o izquierdo, mas largo o mas corto, mas ancho o mas angosto. Adem\u00e1s de agregar los pasacables, cerraduras, multicontactos, entre otros accesorios que manejamos para muebles de oficina.<\/p>\n","protected":false},"excerpt":{"rendered":"<p>Modelo: L001-A<\/p>\n<p>Medidas:\u00a0 1.10 x 1.05 x 1.70 Mts, Altura: 74.5 Cmts.<\/p>\n<p>Soporte: \u00a0270 Kgms.<\/p>\n","protected":false},"featured_media":1165,"template":"","meta":[],"product_brand":[],"product_cat":[33,31,39,41,35,40],"product_tag":[],"class_list":{"0":"post-921","1":"product","2":"type-product","3":"status-publish","4":"has-post-thumbnail","6":"product_cat-ejecutivos","7":"product_cat-escritorios","8":"product_cat-home-office","9":"product_cat-minimalistas","10":"product_cat-modernos","11":"product_cat-para-casa","13":"first","14":"instock","15":"taxable","16":"shipping-taxable","17":"purchasable","18":"product-type-simple"},"_links":{"self":[{"href":"https:\/\/mobleofi.com\/index.php\/wp-json\/wp\/v2\/product\/921","targetHints":{"allow":["GET"]}}],"collection":[{"href":"https:\/\/mobleofi.com\/index.php\/wp-json\/wp\/v2\/product"}],"about":[{"href":"https:\/\/mobleofi.com\/index.php\/wp-json\/wp\/v2\/types\/product"}],"wp:featuredmedia":[{"embeddable":true,"href":"https:\/\/mobleofi.com\/index.php\/wp-json\/wp\/v2\/media\/1165"}],"wp:attachment":[{"href":"https:\/\/mobleofi.com\/index.php\/wp-json\/wp\/v2\/media?parent=921"}],"wp:term":[{"taxonomy":"product_brand","embeddable":true,"href":"https:\/\/mobleofi.com\/index.php\/wp-json\/wp\/v2\/product_brand?post=921"},{"taxonomy":"product_cat","embeddable":true,"href":"https:\/\/mobleofi.com\/index.php\/wp-json\/wp\/v2\/product_cat?post=921"},{"taxonomy":"product_tag","embeddable":true,"href":"https:\/\/mobleofi.com\/index.php\/wp-json\/wp\/v2\/product_tag?post=921"}],"curies":[{"name":"wp","href":"https:\/\/api.w.org\/{rel}","templated":true}]}}