{"id":924,"date":"2023-12-18T15:59:47","date_gmt":"2023-12-18T21:59:47","guid":{"rendered":"https:\/\/mobleofi.com\/?post_type=product&#038;p=924"},"modified":"2025-12-29T00:17:34","modified_gmt":"2025-12-29T06:17:34","slug":"id-l024-d-escritorio-ejecutivo-moderno-minimalista-con-cajones-y-librero-multifucional","status":"publish","type":"product","link":"https:\/\/mobleofi.com\/index.php\/producto\/id-l024-d-escritorio-ejecutivo-moderno-minimalista-con-cajones-y-librero-multifucional\/","title":{"rendered":"Escritorio en L para Oficina Modelo L024-D | Dise\u00f1o Moderno y Amplio"},"content":{"rendered":"<p data-start=\"1603\" data-end=\"1879\">El <strong data-start=\"1606\" data-end=\"1647\">Escritorio para Oficina Modelo L024-D<\/strong> destaca por su <strong data-start=\"1663\" data-end=\"1709\">dise\u00f1o moderno y amplio espacio de trabajo<\/strong>, ideal para oficinas ejecutivas y \u00e1reas administrativas de alto rendimiento. Su configuraci\u00f3n en L permite una distribuci\u00f3n eficiente, mejorando la productividad diaria.<\/p>\n<p data-start=\"1881\" data-end=\"2129\">Este modelo es ideal para empresas que buscan <strong data-start=\"1927\" data-end=\"1980\">muebles funcionales con imagen corporativa s\u00f3lida<\/strong>, ofreciendo resistencia, comodidad y est\u00e9tica profesional. Se fabrica directamente, lo que permite <strong data-start=\"2080\" data-end=\"2128\">ajustes personalizados en medidas y diferentes colores, <\/strong>as\u00ed como la posici\u00f3n de la entrada al escritorio (puede ser derecha o izquierda) para una mayor comodidad.<\/p>\n<p data-start=\"1881\" data-end=\"2129\">\n<p data-start=\"1881\" data-end=\"2129\">Est\u00e1 elaborado con MDF de alta resistencia que tiene melamina en ambas caras, por lo que ya no requiere mantenimiento peri\u00f3dico, no generan termitas, es resistente a hongos y par\u00e1sitos, resistente a la decoloraci\u00f3n con el paso del tiempo y sobre todo tiene acabados uniformes y elegantes, lo cual genera un ambiente de limpieza, orden y uniformidad en su oficina. Se limpian muy f\u00e1cilmente con un trapo seco o h\u00famedo.<\/p>\n<p>La cubierta principal es compatible con el lector del Mouse inal\u00e1mbrico, por lo que ya no ser\u00e1 necesario comprar la almohadilla o tapete. Puede colocar su caf\u00e9, vaso con agua, flores o diferentes adornos. Adem\u00e1s todos nuestros muebles cuentan con garant\u00eda.<\/p>\n","protected":false},"excerpt":{"rendered":"<p>Modelo: L024-D<\/p>\n<p>Medidas:\u00a0 1.70 x 1.60 Mts, Altura: 74.5 Cmts.<\/p>\n<p>Soporte: \u00a0270 Kgms.<\/p>\n","protected":false},"featured_media":1177,"template":"","meta":[],"product_brand":[],"product_cat":[33,31,44,39,41,35,40],"product_tag":[],"class_list":{"0":"post-924","1":"product","2":"type-product","3":"status-publish","4":"has-post-thumbnail","6":"product_cat-ejecutivos","7":"product_cat-escritorios","8":"product_cat-gamer","9":"product_cat-home-office","10":"product_cat-minimalistas","11":"product_cat-modernos","12":"product_cat-para-casa","14":"first","15":"instock","16":"featured","17":"taxable","18":"shipping-taxable","19":"purchasable","20":"product-type-simple"},"_links":{"self":[{"href":"https:\/\/mobleofi.com\/index.php\/wp-json\/wp\/v2\/product\/924","targetHints":{"allow":["GET"]}}],"collection":[{"href":"https:\/\/mobleofi.com\/index.php\/wp-json\/wp\/v2\/product"}],"about":[{"href":"https:\/\/mobleofi.com\/index.php\/wp-json\/wp\/v2\/types\/product"}],"wp:featuredmedia":[{"embeddable":true,"href":"https:\/\/mobleofi.com\/index.php\/wp-json\/wp\/v2\/media\/1177"}],"wp:attachment":[{"href":"https:\/\/mobleofi.com\/index.php\/wp-json\/wp\/v2\/media?parent=924"}],"wp:term":[{"taxonomy":"product_brand","embeddable":true,"href":"https:\/\/mobleofi.com\/index.php\/wp-json\/wp\/v2\/product_brand?post=924"},{"taxonomy":"product_cat","embeddable":true,"href":"https:\/\/mobleofi.com\/index.php\/wp-json\/wp\/v2\/product_cat?post=924"},{"taxonomy":"product_tag","embeddable":true,"href":"https:\/\/mobleofi.com\/index.php\/wp-json\/wp\/v2\/product_tag?post=924"}],"curies":[{"name":"wp","href":"https:\/\/api.w.org\/{rel}","templated":true}]}}