{"id":925,"date":"2023-12-18T16:03:44","date_gmt":"2023-12-18T22:03:44","guid":{"rendered":"https:\/\/mobleofi.com\/?post_type=product&#038;p=925"},"modified":"2025-12-28T22:10:22","modified_gmt":"2025-12-29T04:10:22","slug":"id-r010-escritorio-ejecutivo-moderno-minimalista-con-cajones-muy-amplios","status":"publish","type":"product","link":"https:\/\/mobleofi.com\/index.php\/producto\/id-r010-escritorio-ejecutivo-moderno-minimalista-con-cajones-muy-amplios\/","title":{"rendered":"Escritorio ejecutivo moderno minimalista, con cajones muy amplios, ID: R010"},"content":{"rendered":"<p>Escritorio moderno para espacios peque\u00f1os, pero que requieran darle un look moderno y vanguardista, la combinaci\u00f3n de colores en esta imagen es Wengu\u00e9 chocolate con Negro, pero puede personalizarlo y pedirlo en cualquier color de los mas de 20 tonos diferentes que manejamos. Tambi\u00e9n lo puede pedir con la cajonera del lado derecho o izquierdo.<\/p>\n<p>&nbsp;<\/p>\n<p>Material: MDF con melamina de alta resistencia, por lo que ya no requiere mantenimiento peri\u00f3dico, no generan termitas, es resistente a hongos y par\u00e1sitos, resistente a la decoloraci\u00f3n con el paso del tiempo y sobre todo tiene acabados uniformes y elegantes, lo cual genera un ambiente de limpieza, orden y uniformidad en su oficina. Se limpian muy f\u00e1cilmente con un trapo seco o h\u00famedo.<\/p>\n<p>La cubierta principal es compatible con el lector del Mouse inal\u00e1mbrico, por lo que ya no ser\u00e1 necesario comprar la almohadilla o tapete. Puede colocar su caf\u00e9, vaso con agua, flores o diferentes adornos. Adem\u00e1s todos nuestros muebles cuentan con garant\u00eda.<\/p>\n","protected":false},"excerpt":{"rendered":"<p>Modelo: R010<\/p>\n<p>Medidas: 1.80 x .70\u00a0 Mts, Altura: 74.5 Cmts.<\/p>\n<p>Soporte: \u00a0270 Kgms.<\/p>\n","protected":false},"featured_media":1175,"template":"","meta":[],"product_brand":[],"product_cat":[33,31,41,35],"product_tag":[],"class_list":{"0":"post-925","1":"product","2":"type-product","3":"status-publish","4":"has-post-thumbnail","6":"product_cat-ejecutivos","7":"product_cat-escritorios","8":"product_cat-minimalistas","9":"product_cat-modernos","11":"first","12":"instock","13":"taxable","14":"shipping-taxable","15":"purchasable","16":"product-type-simple"},"_links":{"self":[{"href":"https:\/\/mobleofi.com\/index.php\/wp-json\/wp\/v2\/product\/925","targetHints":{"allow":["GET"]}}],"collection":[{"href":"https:\/\/mobleofi.com\/index.php\/wp-json\/wp\/v2\/product"}],"about":[{"href":"https:\/\/mobleofi.com\/index.php\/wp-json\/wp\/v2\/types\/product"}],"wp:featuredmedia":[{"embeddable":true,"href":"https:\/\/mobleofi.com\/index.php\/wp-json\/wp\/v2\/media\/1175"}],"wp:attachment":[{"href":"https:\/\/mobleofi.com\/index.php\/wp-json\/wp\/v2\/media?parent=925"}],"wp:term":[{"taxonomy":"product_brand","embeddable":true,"href":"https:\/\/mobleofi.com\/index.php\/wp-json\/wp\/v2\/product_brand?post=925"},{"taxonomy":"product_cat","embeddable":true,"href":"https:\/\/mobleofi.com\/index.php\/wp-json\/wp\/v2\/product_cat?post=925"},{"taxonomy":"product_tag","embeddable":true,"href":"https:\/\/mobleofi.com\/index.php\/wp-json\/wp\/v2\/product_tag?post=925"}],"curies":[{"name":"wp","href":"https:\/\/api.w.org\/{rel}","templated":true}]}}