{"id":926,"date":"2023-12-18T16:08:15","date_gmt":"2023-12-18T22:08:15","guid":{"rendered":"https:\/\/mobleofi.com\/?post_type=product&#038;p=926"},"modified":"2025-12-29T00:11:24","modified_gmt":"2025-12-29T06:11:24","slug":"id-l001-f-escritorio-ejecutivo-moderno-minimalista-con-doble-cajonera-multifucional","status":"publish","type":"product","link":"https:\/\/mobleofi.com\/index.php\/producto\/id-l001-f-escritorio-ejecutivo-moderno-minimalista-con-doble-cajonera-multifucional\/","title":{"rendered":"Escritorio moderno y minimalista, con doble cajonera, multifucional, ID: L001-F"},"content":{"rendered":"<p>Este modelo de escritorio en L\u00a0 es una soluci\u00f3n ideal para oficinas que requieren <strong data-start=\"806\" data-end=\"856\">amplitud, organizaci\u00f3n y presencia profesional<\/strong>.<\/p>\n<p>Su dise\u00f1o en L permite una mejor distribuci\u00f3n del espacio de trabajo, facilitando el uso de computadora, documentos y accesorios de oficina ya que cuenta con doble cajonera, incluye cerradura para 1 caj\u00f3n archivero y 1 caj\u00f3n papelero.<\/p>\n<p data-start=\"1000\" data-end=\"1325\">Fabricado con materiales resistentes y acabados de alta calidad, este escritorio es perfecto para Personal corporativo que buscan funcionalidad y durabilidad. Al ser <strong data-start=\"1195\" data-end=\"1218\">fabricaci\u00f3n directa<\/strong>, ofrecemos la posibilidad de personalizar medidas, colores y accesorios seg\u00fan las necesidades del cliente.<\/p>\n<p data-start=\"1000\" data-end=\"1325\">\n<p>Elaborado con MDF con recubrimiento de melamina de alta resistencia en ambas caras, por lo que ya no requiere mantenimiento peri\u00f3dico, no generan termitas, es resistente a hongos y par\u00e1sitos, resistente a la decoloraci\u00f3n con el paso del tiempo y sobre todo tiene acabados uniformes y elegantes, lo cual genera un ambiente de limpieza, orden y uniformidad en su oficina. Se limpian muy f\u00e1cilmente con un trapo seco o h\u00famedo.<\/p>\n<p>La cubierta principal es compatible con el lector del Mouse inal\u00e1mbrico, por lo que ya no ser\u00e1 necesario comprar la almohadilla o tapete. Puede colocar su caf\u00e9, vaso con agua, flores o diferentes adornos. Adem\u00e1s todos nuestros muebles cuentan con garant\u00eda.<\/p>\n","protected":false},"excerpt":{"rendered":"<p>Modelo: L001-F<\/p>\n<p>Medidas:\u00a0 1.80 x 1.40 Mts, Altura: 74.5 Cmts.<\/p>\n<p>Soporte: \u00a0270 Kgms.<\/p>\n","protected":false},"featured_media":1181,"template":"","meta":[],"product_brand":[],"product_cat":[33,31,44,39,41,35,40],"product_tag":[],"class_list":{"0":"post-926","1":"product","2":"type-product","3":"status-publish","4":"has-post-thumbnail","6":"product_cat-ejecutivos","7":"product_cat-escritorios","8":"product_cat-gamer","9":"product_cat-home-office","10":"product_cat-minimalistas","11":"product_cat-modernos","12":"product_cat-para-casa","14":"first","15":"instock","16":"taxable","17":"shipping-taxable","18":"purchasable","19":"product-type-simple"},"_links":{"self":[{"href":"https:\/\/mobleofi.com\/index.php\/wp-json\/wp\/v2\/product\/926","targetHints":{"allow":["GET"]}}],"collection":[{"href":"https:\/\/mobleofi.com\/index.php\/wp-json\/wp\/v2\/product"}],"about":[{"href":"https:\/\/mobleofi.com\/index.php\/wp-json\/wp\/v2\/types\/product"}],"wp:featuredmedia":[{"embeddable":true,"href":"https:\/\/mobleofi.com\/index.php\/wp-json\/wp\/v2\/media\/1181"}],"wp:attachment":[{"href":"https:\/\/mobleofi.com\/index.php\/wp-json\/wp\/v2\/media?parent=926"}],"wp:term":[{"taxonomy":"product_brand","embeddable":true,"href":"https:\/\/mobleofi.com\/index.php\/wp-json\/wp\/v2\/product_brand?post=926"},{"taxonomy":"product_cat","embeddable":true,"href":"https:\/\/mobleofi.com\/index.php\/wp-json\/wp\/v2\/product_cat?post=926"},{"taxonomy":"product_tag","embeddable":true,"href":"https:\/\/mobleofi.com\/index.php\/wp-json\/wp\/v2\/product_tag?post=926"}],"curies":[{"name":"wp","href":"https:\/\/api.w.org\/{rel}","templated":true}]}}