{"id":928,"date":"2023-12-18T16:14:16","date_gmt":"2023-12-18T22:14:16","guid":{"rendered":"https:\/\/mobleofi.com\/?post_type=product&#038;p=928"},"modified":"2025-12-29T00:44:27","modified_gmt":"2025-12-29T06:44:27","slug":"id-c020-escritorio-ejecutivo-en-escuadra-en-forma-de-u-moderno-minimalista-con-cajones-multifucional","status":"publish","type":"product","link":"https:\/\/mobleofi.com\/index.php\/producto\/id-c020-escritorio-ejecutivo-en-escuadra-en-forma-de-u-moderno-minimalista-con-cajones-multifucional\/","title":{"rendered":"Escritorio en L, moderno y minimalista, con cajones, multifucional, ID: C020"},"content":{"rendered":"<p>Transforma tu espacio de trabajo con elegancia y funcionalidad incomparables.<\/p>\n<p>&nbsp;<\/p>\n<p>En MOBLEOFI, entendemos la importancia de un entorno de oficina bien dise\u00f1ado para potenciar la productividad y el bienestar de tu equipo. Es por eso que te presentamos nuestra exclusiva colecci\u00f3n de muebles para oficinas, una fusi\u00f3n perfecta entre estilo contempor\u00e1neo y funcionalidad excepcional.<\/p>\n<p>&nbsp;<\/p>\n<p><strong>Dise\u00f1o Vanguardista<\/strong>: Nuestro mobiliario para oficinas no solo son piezas utilitarias, sino obras maestras de dise\u00f1o que elevar\u00e1n la est\u00e9tica de tu oficina. Desde l\u00edneas limpias hasta detalles meticulosos, cada pieza ha sido creada para reflejar la modernidad y la elegancia.<\/p>\n<p>&nbsp;<\/p>\n<p><strong>Ergonom\u00eda sin Compromisos<\/strong>: Sabemos que el confort es clave para un rendimiento \u00f3ptimo. Cada silla, escritorio, archivero, librero, mesa de juntas, estaci\u00f3n de trabajo, recepci\u00f3n, exhibidor corporativo y accesorios en nuestra colecci\u00f3n ha sido dise\u00f1ado pensando en la ergonom\u00eda, funcionalidad y econom\u00eda, garantizando un apoyo adecuado para largas horas de trabajo y reuniones.<\/p>\n<p>&nbsp;<\/p>\n<p><strong>Servicio al Cliente Excepcional<\/strong>: Nuestro compromiso no se limita a la venta. Nos enorgullece ofrecer un servicio al cliente excepcional, asegur\u00e1ndonos de que cada cliente est\u00e9 completamente satisfecho con su elecci\u00f3n. Estamos aqu\u00ed para ayudarte antes, durante y despu\u00e9s de tu compra.<\/p>\n<p>&nbsp;<\/p>\n<p>La cubierta principal es compatible con el lector del Mouse inal\u00e1mbrico, por lo que ya no ser\u00e1 necesario comprar la almohadilla o tapete. Puede colocar su caf\u00e9, vaso con agua, flores o diferentes adornos. Adem\u00e1s todos nuestros muebles cuentan con garant\u00eda.<\/p>\n<p>&nbsp;<\/p>\n<p>Material: MDF con melamina de alta resistencia, por lo que ya no requiere mantenimiento peri\u00f3dico, no generan termitas, es resistente a hongos y par\u00e1sitos, resistente a la decoloraci\u00f3n con el paso del tiempo y sobre todo tiene acabados uniformes y elegantes, lo cual genera un ambiente de limpieza, orden y uniformidad en su oficina. Se limpian muy f\u00e1cilmente con un trapo seco o h\u00famedo.<\/p>\n","protected":false},"excerpt":{"rendered":"<p>Modelo: C020<\/p>\n<p>Medidas:\u00a0 1.70 x 1.60 x 1.20 Mts, Altura: 74.5 Cmts.<\/p>\n<p>Soporte: \u00a0270 Kgms.<\/p>\n","protected":false},"featured_media":1178,"template":"","meta":[],"product_brand":[],"product_cat":[33,31,44,39,41,35,40],"product_tag":[],"class_list":{"0":"post-928","1":"product","2":"type-product","3":"status-publish","4":"has-post-thumbnail","6":"product_cat-ejecutivos","7":"product_cat-escritorios","8":"product_cat-gamer","9":"product_cat-home-office","10":"product_cat-minimalistas","11":"product_cat-modernos","12":"product_cat-para-casa","14":"first","15":"instock","16":"taxable","17":"shipping-taxable","18":"purchasable","19":"product-type-simple"},"_links":{"self":[{"href":"https:\/\/mobleofi.com\/index.php\/wp-json\/wp\/v2\/product\/928","targetHints":{"allow":["GET"]}}],"collection":[{"href":"https:\/\/mobleofi.com\/index.php\/wp-json\/wp\/v2\/product"}],"about":[{"href":"https:\/\/mobleofi.com\/index.php\/wp-json\/wp\/v2\/types\/product"}],"wp:featuredmedia":[{"embeddable":true,"href":"https:\/\/mobleofi.com\/index.php\/wp-json\/wp\/v2\/media\/1178"}],"wp:attachment":[{"href":"https:\/\/mobleofi.com\/index.php\/wp-json\/wp\/v2\/media?parent=928"}],"wp:term":[{"taxonomy":"product_brand","embeddable":true,"href":"https:\/\/mobleofi.com\/index.php\/wp-json\/wp\/v2\/product_brand?post=928"},{"taxonomy":"product_cat","embeddable":true,"href":"https:\/\/mobleofi.com\/index.php\/wp-json\/wp\/v2\/product_cat?post=928"},{"taxonomy":"product_tag","embeddable":true,"href":"https:\/\/mobleofi.com\/index.php\/wp-json\/wp\/v2\/product_tag?post=928"}],"curies":[{"name":"wp","href":"https:\/\/api.w.org\/{rel}","templated":true}]}}