{"id":929,"date":"2023-12-18T16:17:14","date_gmt":"2023-12-18T22:17:14","guid":{"rendered":"https:\/\/mobleofi.com\/?post_type=product&#038;p=929"},"modified":"2025-12-29T00:48:40","modified_gmt":"2025-12-29T06:48:40","slug":"id-l024-d-2-escritorio-ejecutivo-moderno-minimalista-con-cajones-multifucional","status":"publish","type":"product","link":"https:\/\/mobleofi.com\/index.php\/producto\/id-l024-d-2-escritorio-ejecutivo-moderno-minimalista-con-cajones-multifucional\/","title":{"rendered":"Escritorio moderno y minimalista, con doble cajonera en credenza, ID: L024-D-2"},"content":{"rendered":"<p>Eleva el perfil de tu oficina con el modelo L024-D-2. Destaca por sus acabados detallados gracias a la versatilidad del MDF premium que utilizamos. Es un mueble imponente, con recubrimiento en ambas caras para evitar deformaciones por humedad. Cotizamos tu proyecto al instante y respondemos tus mensajes en tiempo r\u00e9cord.<\/p>\n<p>Este modelo combina una amplia \u00e1rea de trabajo con m\u00f3dulos de archivo integrados. La resistencia estructural del MDF asegura que los cajones soporten el peso de tus expedientes. Cuenta con 4 cajones (2 cajones chicos y 2 cajones grandes archiveros tama\u00f1o carta).<\/p>\n<p>&nbsp;<\/p>\n<p>La cubierta principal es compatible con el lector del Mouse inal\u00e1mbrico, ya no ser\u00e1 necesario comprar la almohadilla o tapete. Puede colocar su caf\u00e9, vaso con agua, flores o diferentes adornos. Todos nuestros muebles cuentan con garant\u00eda.<\/p>\n<p>&nbsp;<\/p>\n<p>Material: MDF con melamina de alta resistencia, por lo que ya no requiere mantenimiento peri\u00f3dico, no generan termitas, es resistente a hongos y par\u00e1sitos, resistente a la decoloraci\u00f3n con el paso del tiempo y sobre todo tiene acabados uniformes y elegantes, lo cual genera un ambiente de limpieza, orden y uniformidad en su oficina. Se limpian muy f\u00e1cilmente con un trapo seco o h\u00famedo.<\/p>\n","protected":false},"excerpt":{"rendered":"<p>Modelo: L024-D-2<\/p>\n<p>Medidas:\u00a0 1.60 x 1.80 Mts, Altura: 74.5 Cmts.<\/p>\n<p>Soporte: \u00a0270 Kgms.<\/p>\n","protected":false},"featured_media":1179,"template":"","meta":[],"product_brand":[],"product_cat":[33,31,44,39,41,35,40],"product_tag":[],"class_list":{"0":"post-929","1":"product","2":"type-product","3":"status-publish","4":"has-post-thumbnail","6":"product_cat-ejecutivos","7":"product_cat-escritorios","8":"product_cat-gamer","9":"product_cat-home-office","10":"product_cat-minimalistas","11":"product_cat-modernos","12":"product_cat-para-casa","14":"first","15":"instock","16":"taxable","17":"shipping-taxable","18":"purchasable","19":"product-type-simple"},"_links":{"self":[{"href":"https:\/\/mobleofi.com\/index.php\/wp-json\/wp\/v2\/product\/929","targetHints":{"allow":["GET"]}}],"collection":[{"href":"https:\/\/mobleofi.com\/index.php\/wp-json\/wp\/v2\/product"}],"about":[{"href":"https:\/\/mobleofi.com\/index.php\/wp-json\/wp\/v2\/types\/product"}],"wp:featuredmedia":[{"embeddable":true,"href":"https:\/\/mobleofi.com\/index.php\/wp-json\/wp\/v2\/media\/1179"}],"wp:attachment":[{"href":"https:\/\/mobleofi.com\/index.php\/wp-json\/wp\/v2\/media?parent=929"}],"wp:term":[{"taxonomy":"product_brand","embeddable":true,"href":"https:\/\/mobleofi.com\/index.php\/wp-json\/wp\/v2\/product_brand?post=929"},{"taxonomy":"product_cat","embeddable":true,"href":"https:\/\/mobleofi.com\/index.php\/wp-json\/wp\/v2\/product_cat?post=929"},{"taxonomy":"product_tag","embeddable":true,"href":"https:\/\/mobleofi.com\/index.php\/wp-json\/wp\/v2\/product_tag?post=929"}],"curies":[{"name":"wp","href":"https:\/\/api.w.org\/{rel}","templated":true}]}}