{"id":931,"date":"2023-12-18T16:21:00","date_gmt":"2023-12-18T22:21:00","guid":{"rendered":"https:\/\/mobleofi.com\/?post_type=product&#038;p=931"},"modified":"2025-12-28T22:21:48","modified_gmt":"2025-12-29T04:21:48","slug":"id-l024-i","status":"publish","type":"product","link":"https:\/\/mobleofi.com\/index.php\/producto\/id-l024-i\/","title":{"rendered":"Escritorio con credenza, doble vista, ID: L024-I"},"content":{"rendered":"<p>Este escritorio fue dise\u00f1ado para una boutique que necesitaba mostrar sus principales productos al p\u00fablico en general en la entrada de su despacho, por lo que al final le colocamos 4 puertas del lado de nuestro cliente para que pudiera archivar carpetas tama\u00f1o oficio.<\/p>\n<p>Sus medidas externas y los espacios internos permite gran facilidad de colocarlo en espacios cerrados o abiertos. Puede pedirlo en cualquiera de los mas de 20 colores diferentes que manejamos. Tambi\u00e9n puede pedirlo en las medidas est\u00e1ndar o mas peque\u00f1o o mas grande.<\/p>\n<p>&nbsp;<\/p>\n<p>Material: MDF con melamina de alta resistencia,<\/p>\n<p>Se limpian muy f\u00e1cilmente con un trapo seco o h\u00famedo.<\/p>\n<p>La cubierta principal es compatible con el lector del Mouse inal\u00e1mbrico. Puede colocar su caf\u00e9, vaso con agua, flores o diferentes adornos. Adem\u00e1s todos nuestros muebles cuentan con garant\u00eda.<\/p>\n","protected":false},"excerpt":{"rendered":"<p>Modelo: L024-I<\/p>\n<p>Medidas:\u00a0 1.70 x 1.60 Mts, Altura: 74.5 Cmts.<\/p>\n<p>Soporte: \u00a0270 Kgms.<\/p>\n","protected":false},"featured_media":1180,"template":"","meta":[],"product_brand":[],"product_cat":[33,31,44,39,41,35,40],"product_tag":[],"class_list":{"0":"post-931","1":"product","2":"type-product","3":"status-publish","4":"has-post-thumbnail","6":"product_cat-ejecutivos","7":"product_cat-escritorios","8":"product_cat-gamer","9":"product_cat-home-office","10":"product_cat-minimalistas","11":"product_cat-modernos","12":"product_cat-para-casa","14":"first","15":"instock","16":"taxable","17":"shipping-taxable","18":"purchasable","19":"product-type-simple"},"_links":{"self":[{"href":"https:\/\/mobleofi.com\/index.php\/wp-json\/wp\/v2\/product\/931","targetHints":{"allow":["GET"]}}],"collection":[{"href":"https:\/\/mobleofi.com\/index.php\/wp-json\/wp\/v2\/product"}],"about":[{"href":"https:\/\/mobleofi.com\/index.php\/wp-json\/wp\/v2\/types\/product"}],"wp:featuredmedia":[{"embeddable":true,"href":"https:\/\/mobleofi.com\/index.php\/wp-json\/wp\/v2\/media\/1180"}],"wp:attachment":[{"href":"https:\/\/mobleofi.com\/index.php\/wp-json\/wp\/v2\/media?parent=931"}],"wp:term":[{"taxonomy":"product_brand","embeddable":true,"href":"https:\/\/mobleofi.com\/index.php\/wp-json\/wp\/v2\/product_brand?post=931"},{"taxonomy":"product_cat","embeddable":true,"href":"https:\/\/mobleofi.com\/index.php\/wp-json\/wp\/v2\/product_cat?post=931"},{"taxonomy":"product_tag","embeddable":true,"href":"https:\/\/mobleofi.com\/index.php\/wp-json\/wp\/v2\/product_tag?post=931"}],"curies":[{"name":"wp","href":"https:\/\/api.w.org\/{rel}","templated":true}]}}