{"id":937,"date":"2023-12-18T16:33:07","date_gmt":"2023-12-18T22:33:07","guid":{"rendered":"https:\/\/mobleofi.com\/?post_type=product&#038;p=937"},"modified":"2025-12-29T01:02:12","modified_gmt":"2025-12-29T07:02:12","slug":"id-c004-escritorio-ejecutivo-en-forma-de-u-con-cajones-y-librero-para-casa-u-oficina","status":"publish","type":"product","link":"https:\/\/mobleofi.com\/index.php\/producto\/id-c004-escritorio-ejecutivo-en-forma-de-u-con-cajones-y-librero-para-casa-u-oficina\/","title":{"rendered":"Escritorio ejecutivo, en forma de U, con cajones y librero, para casa u oficina, ID: C004"},"content":{"rendered":"<p data-start=\"915\" data-end=\"1225\">Nuestros <strong data-start=\"924\" data-end=\"952\">escritorios para oficina<\/strong> est\u00e1n dise\u00f1ados para maximizar la productividad, el confort y la imagen profesional de cualquier espacio de trabajo. Contamos con una amplia variedad de <strong data-start=\"1106\" data-end=\"1151\">escritorios operativos, ejecutivos y en U<\/strong>, desde opciones econ\u00f3micas hasta modelos de gran formato para directivos.<\/p>\n<p data-start=\"1227\" data-end=\"1517\">Fabricamos <strong data-start=\"1238\" data-end=\"1262\">escritorios a medida<\/strong>, con materiales resistentes y acabados profesionales ideales para oficinas corporativas, negocios, despachos y home office. Todos nuestros modelos pueden personalizarse en <strong data-start=\"1435\" data-end=\"1468\">medidas, colores y accesorios<\/strong>, garantizando una soluci\u00f3n funcional y duradera.<\/p>\n<p data-start=\"1519\" data-end=\"1665\">Somos <strong data-start=\"1525\" data-end=\"1560\">f\u00e1brica de muebles para oficina<\/strong>, lo que nos permite ofrecer <strong data-start=\"1589\" data-end=\"1609\">precios directos<\/strong>, tiempos de fabricaci\u00f3n r\u00e1pidos y env\u00edos a todo M\u00e9xico.<\/p>\n","protected":false},"excerpt":{"rendered":"<p>Modelo: C004<\/p>\n<p>Medidas:\u00a0 1.60 x 2.30 x 1.60 Mts, Altura: 74.5 Cmts.<\/p>\n<p>Soporte: \u00a0270 Kgms.<\/p>\n","protected":false},"featured_media":1187,"template":"","meta":[],"product_brand":[],"product_cat":[33,31,44,39,41,40],"product_tag":[],"class_list":{"0":"post-937","1":"product","2":"type-product","3":"status-publish","4":"has-post-thumbnail","6":"product_cat-ejecutivos","7":"product_cat-escritorios","8":"product_cat-gamer","9":"product_cat-home-office","10":"product_cat-minimalistas","11":"product_cat-para-casa","13":"first","14":"instock","15":"taxable","16":"shipping-taxable","17":"purchasable","18":"product-type-simple"},"_links":{"self":[{"href":"https:\/\/mobleofi.com\/index.php\/wp-json\/wp\/v2\/product\/937","targetHints":{"allow":["GET"]}}],"collection":[{"href":"https:\/\/mobleofi.com\/index.php\/wp-json\/wp\/v2\/product"}],"about":[{"href":"https:\/\/mobleofi.com\/index.php\/wp-json\/wp\/v2\/types\/product"}],"wp:featuredmedia":[{"embeddable":true,"href":"https:\/\/mobleofi.com\/index.php\/wp-json\/wp\/v2\/media\/1187"}],"wp:attachment":[{"href":"https:\/\/mobleofi.com\/index.php\/wp-json\/wp\/v2\/media?parent=937"}],"wp:term":[{"taxonomy":"product_brand","embeddable":true,"href":"https:\/\/mobleofi.com\/index.php\/wp-json\/wp\/v2\/product_brand?post=937"},{"taxonomy":"product_cat","embeddable":true,"href":"https:\/\/mobleofi.com\/index.php\/wp-json\/wp\/v2\/product_cat?post=937"},{"taxonomy":"product_tag","embeddable":true,"href":"https:\/\/mobleofi.com\/index.php\/wp-json\/wp\/v2\/product_tag?post=937"}],"curies":[{"name":"wp","href":"https:\/\/api.w.org\/{rel}","templated":true}]}}